{"id":162,"date":"2014-11-05T21:54:54","date_gmt":"2014-11-05T20:54:54","guid":{"rendered":"http:\/\/www.tretiradkajicnikusvatehodominika.cz\/?page_id=162"},"modified":"2016-06-28T10:03:55","modified_gmt":"2016-06-28T09:03:55","slug":"jak-pomoci","status":"publish","type":"page","link":"https:\/\/www.tretiradkajicnikusvatehodominika.cz\/?page_id=162","title":{"rendered":"Jak pomoci"},"content":{"rendered":"<h2>Jak pomoci Brat\u0159\u00edm Dominik\u00e1n\u016fm z Avrill\u00e9<\/h2>\n<p style=\"text-align: left;\"><img loading=\"lazy\" decoding=\"async\" class=\"alignleft wp-image-504 size-full\" src=\"https:\/\/www.tretiradkajicnikusvatehodominika.cz\/wp-content\/uploads\/2014\/11\/gloria_patri_et_filio_400px.png\" alt=\"Gloria Patri et Filio et Spiritui Sancto...\" width=\"268\" height=\"400\" srcset=\"https:\/\/www.tretiradkajicnikusvatehodominika.cz\/wp-content\/uploads\/2014\/11\/gloria_patri_et_filio_400px.png 268w, https:\/\/www.tretiradkajicnikusvatehodominika.cz\/wp-content\/uploads\/2014\/11\/gloria_patri_et_filio_400px-201x300.png 201w\" sizes=\"auto, (max-width: 268px) 100vw, 268px\" \/><\/p>\n<ul>\n<li><strong>Pomoc pro konventn\u00ed \u017eivot : Bohoslu\u017eba, apo\u0161tol\u00e1t<\/strong><\/li>\n<\/ul>\n<p>Podrobn\u00e9 informace ve francouz\u0161tin\u011b o t\u00e9to mo\u017enosti pomoci z\u00edsk\u00e1te <a title=\"Dominicains Avrill\u00e9 - Pour aider la vie du couvent\" href=\"http:\/\/www.dominicainsavrille.fr\/pour-aider-la-vie-du-couvent\/\" target=\"_blank\"><strong>v tomto odkazu<\/strong><\/a><\/p>\n<ul>\n<li><strong>Pomoc pro pr\u00e1ce v kl\u00e1\u0161te\u0159e a p\u0159evorstv\u00ed v la Haye-aux-Bonshommes :<br \/>\n<\/strong><\/li>\n<\/ul>\n<p>Podrobn\u00e9 informace ve francouz\u0161tin\u011b o t\u00e9to mo\u017enosti pomoci najdete <a title=\"Dominicains Avrill\u00e9 - Pour aider les travaux\" href=\"http:\/\/www.dominicainsavrille.fr\/formulaire-de-don-en-ligne\/\" target=\"_blank\"><strong>v tomto odkazu<\/strong><\/a><\/p>\n<ul>\n<li><strong>Pomoc pro \u0161koly<\/strong><\/li>\n<\/ul>\n<p>Elektronick\u00fd formul\u00e1\u0159 pro online dar s informacemi ve francouz\u0161tin\u011b je <a title=\"A.S.E.P. - Formulaire de don en ligne\" href=\"http:\/\/asep.education.free.fr\/\" target=\"_blank\"><strong>v tomto odkazu<\/strong><\/a><\/p>\n<p style=\"text-align: justify;\"><em><strong>Brat\u0159i Dominik\u00e1ni z Avrill\u00e9 srde\u010dn\u011b d\u011bkuj\u00ed v\u0161em dobrodinc\u016fm a denn\u011b na n\u011b vd\u011b\u010dn\u011b pamatuj\u00ed ve sv\u00fdch modlitb\u00e1ch. Brat\u0159i, profeso\u0159i a \u017e\u00e1ci se denn\u011b modl\u00ed za sv\u00e9 dobrodince.<br \/>\n<\/strong><\/em><\/p>\n<p style=\"text-align: center;\"><img loading=\"lazy\" decoding=\"async\" class=\"aligncenter size-full wp-image-1223\" src=\"https:\/\/www.tretiradkajicnikusvatehodominika.cz\/wp-content\/uploads\/2016\/06\/laudare-benedicere-praedicare-200px.png\" alt=\"Ordo Praedicatorum\" width=\"185\" height=\"200\" \/><\/p>\n","protected":false},"excerpt":{"rendered":"<p>Jak pomoci Brat\u0159\u00edm Dominik\u00e1n\u016fm z Avrill\u00e9 Pomoc pro konventn\u00ed \u017eivot : Bohoslu\u017eba, apo\u0161tol\u00e1t Podrobn\u00e9 informace ve francouz\u0161tin\u011b o t\u00e9to mo\u017enosti pomoci z\u00edsk\u00e1te v tomto odkazu Pomoc pro pr\u00e1ce v kl\u00e1\u0161te\u0159e a p\u0159evorstv\u00ed v la Haye-aux-Bonshommes : Podrobn\u00e9 informace ve francouz\u0161tin\u011b &hellip; <a href=\"https:\/\/www.tretiradkajicnikusvatehodominika.cz\/?page_id=162\">Cel\u00fd p\u0159\u00edsp\u011bvek <span class=\"meta-nav\">&rarr;<\/span><\/a><\/p>\n","protected":false},"author":1,"featured_media":0,"parent":0,"menu_order":0,"comment_status":"closed","ping_status":"closed","template":"onecolumn-page.php","meta":{"footnotes":""},"class_list":["post-162","page","type-page","status-publish","hentry"],"_links":{"self":[{"href":"https:\/\/www.tretiradkajicnikusvatehodominika.cz\/index.php?rest_route=\/wp\/v2\/pages\/162","targetHints":{"allow":["GET"]}}],"collection":[{"href":"https:\/\/www.tretiradkajicnikusvatehodominika.cz\/index.php?rest_route=\/wp\/v2\/pages"}],"about":[{"href":"https:\/\/www.tretiradkajicnikusvatehodominika.cz\/index.php?rest_route=\/wp\/v2\/types\/page"}],"author":[{"embeddable":true,"href":"https:\/\/www.tretiradkajicnikusvatehodominika.cz\/index.php?rest_route=\/wp\/v2\/users\/1"}],"replies":[{"embeddable":true,"href":"https:\/\/www.tretiradkajicnikusvatehodominika.cz\/index.php?rest_route=%2Fwp%2Fv2%2Fcomments&post=162"}],"version-history":[{"count":25,"href":"https:\/\/www.tretiradkajicnikusvatehodominika.cz\/index.php?rest_route=\/wp\/v2\/pages\/162\/revisions"}],"predecessor-version":[{"id":1227,"href":"https:\/\/www.tretiradkajicnikusvatehodominika.cz\/index.php?rest_route=\/wp\/v2\/pages\/162\/revisions\/1227"}],"wp:attachment":[{"href":"https:\/\/www.tretiradkajicnikusvatehodominika.cz\/index.php?rest_route=%2Fwp%2Fv2%2Fmedia&parent=162"}],"curies":[{"name":"wp","href":"https:\/\/api.w.org\/{rel}","templated":true}]}}