{"id":160,"date":"2014-11-05T21:47:34","date_gmt":"2014-11-05T20:47:34","guid":{"rendered":"http:\/\/www.tretiradkajicnikusvatehodominika.cz\/?page_id=160"},"modified":"2016-06-28T10:09:18","modified_gmt":"2016-06-28T09:09:18","slug":"web-bratri-dominikanu-z-avrille","status":"publish","type":"page","link":"https:\/\/www.tretiradkajicnikusvatehodominika.cz\/?page_id=160","title":{"rendered":"Odkazy"},"content":{"rendered":"<p><strong>Brat\u0159i Dominik\u00e1ni z Avrill\u00e9 ve Francii<br \/>\n<\/strong> <em>VERITAS<\/em><br \/>\n<img loading=\"lazy\" decoding=\"async\" class=\"alignleft wp-image-489 size-full\" src=\"https:\/\/www.tretiradkajicnikusvatehodominika.cz\/wp-content\/uploads\/2014\/11\/sanctus_dominicus.png\" alt=\"svat\u00fd Dominik Zakladatel \u0158\u00e1du Brat\u0159\u00ed Kazatel\u016f\" width=\"125\" height=\"125\" \/><strong>Adresa :<br \/>\n<\/strong>Couvent de la Haye-aux-Bonshommes<br \/>\n6 All\u00e9e Saint-Dominique<br \/>\n49240 Avrill\u00e9<br \/>\nFRANCE<\/p>\n<p><strong>Internet :<\/strong> <a title=\"Dominicains Avrill\u00e9 France\" href=\"http:\/\/www.dominicainsavrille.fr\/\" target=\"_blank\">Dominicains Avrill\u00e9<\/a> (francouzsk\u00fd web) a <a href=\"http:\/\/www.dominicansavrille.us\/\">Dominicans of Avrille<\/a> (anglick\u00fd web)<br \/>\n<strong>e-mail :<\/strong> dominicains-avrille(zavin\u00e1\u010d)wanadoo.fr<\/p>\n<hr \/>\n<p><strong>Revue \u00ab Sel de la Terre \u00bb a stejnojmenn\u00e9 vydavatelstv\u00ed \u00ab Editions du Sel \u00bb<br \/>\n<\/strong><em>CONTEMPLARE ET CONTEMPLATA ALIIS TRADERE<strong><br \/>\n<img loading=\"lazy\" decoding=\"async\" class=\"alignleft wp-image-479 size-full\" src=\"https:\/\/www.tretiradkajicnikusvatehodominika.cz\/wp-content\/uploads\/2014\/11\/sanctus_petrus_martyr.png\" alt=\"svat\u00fd Petr Mu\u010dedn\u00edk O.P.\" width=\"125\" height=\"125\" \/><\/strong><\/em><span id=\"lbl_001\"><strong>Adresa :<\/strong><br \/>\n\u00ab Editions du Sel \u00bb<br \/>\n6 All\u00e9e Saint-Dominique<br \/>\n49240 Avrill\u00e9<br \/>\nFRANCE<\/span><\/p>\n<p><strong>Internet :<\/strong> <a title=\"Editions du Sel\" href=\"http:\/\/www.seldelaterre.fr\/\" target=\"_blank\">Editions du Sel<\/a><br \/>\n<strong>e-mail :<\/strong> contact(zavin\u00e1\u010d)seldelaterre.fr<\/p>\n","protected":false},"excerpt":{"rendered":"<p>Brat\u0159i Dominik\u00e1ni z Avrill\u00e9 ve Francii VERITAS Adresa : Couvent de la Haye-aux-Bonshommes 6 All\u00e9e Saint-Dominique 49240 Avrill\u00e9 FRANCE Internet : Dominicains Avrill\u00e9 (francouzsk\u00fd web) a Dominicans of Avrille (anglick\u00fd web) e-mail : dominicains-avrille(zavin\u00e1\u010d)wanadoo.fr Revue \u00ab Sel de la Terre &hellip; <a href=\"https:\/\/www.tretiradkajicnikusvatehodominika.cz\/?page_id=160\">Cel\u00fd p\u0159\u00edsp\u011bvek <span class=\"meta-nav\">&rarr;<\/span><\/a><\/p>\n","protected":false},"author":1,"featured_media":0,"parent":0,"menu_order":0,"comment_status":"closed","ping_status":"closed","template":"onecolumn-page.php","meta":{"footnotes":""},"class_list":["post-160","page","type-page","status-publish","hentry"],"_links":{"self":[{"href":"https:\/\/www.tretiradkajicnikusvatehodominika.cz\/index.php?rest_route=\/wp\/v2\/pages\/160","targetHints":{"allow":["GET"]}}],"collection":[{"href":"https:\/\/www.tretiradkajicnikusvatehodominika.cz\/index.php?rest_route=\/wp\/v2\/pages"}],"about":[{"href":"https:\/\/www.tretiradkajicnikusvatehodominika.cz\/index.php?rest_route=\/wp\/v2\/types\/page"}],"author":[{"embeddable":true,"href":"https:\/\/www.tretiradkajicnikusvatehodominika.cz\/index.php?rest_route=\/wp\/v2\/users\/1"}],"replies":[{"embeddable":true,"href":"https:\/\/www.tretiradkajicnikusvatehodominika.cz\/index.php?rest_route=%2Fwp%2Fv2%2Fcomments&post=160"}],"version-history":[{"count":98,"href":"https:\/\/www.tretiradkajicnikusvatehodominika.cz\/index.php?rest_route=\/wp\/v2\/pages\/160\/revisions"}],"predecessor-version":[{"id":1228,"href":"https:\/\/www.tretiradkajicnikusvatehodominika.cz\/index.php?rest_route=\/wp\/v2\/pages\/160\/revisions\/1228"}],"wp:attachment":[{"href":"https:\/\/www.tretiradkajicnikusvatehodominika.cz\/index.php?rest_route=%2Fwp%2Fv2%2Fmedia&parent=160"}],"curies":[{"name":"wp","href":"https:\/\/api.w.org\/{rel}","templated":true}]}}