{"id":114,"date":"2014-11-05T15:05:47","date_gmt":"2014-11-05T14:05:47","guid":{"rendered":"http:\/\/www.tretiradkajicnikusvatehodominika.cz\/?page_id=114"},"modified":"2016-06-28T09:58:04","modified_gmt":"2016-06-28T08:58:04","slug":"kontakt","status":"publish","type":"page","link":"https:\/\/www.tretiradkajicnikusvatehodominika.cz\/?page_id=114","title":{"rendered":"Kontakt"},"content":{"rendered":"<h2>\u0158\u00e1d Brat\u0159\u00ed Dominik\u00e1n\u016f z Avrill\u00e9<\/h2>\n<h3 style=\"text-align: left;\"><strong>Adresa :<img loading=\"lazy\" decoding=\"async\" class=\"size-full wp-image-1223 alignright\" src=\"https:\/\/www.tretiradkajicnikusvatehodominika.cz\/wp-content\/uploads\/2016\/06\/laudare-benedicere-praedicare-200px.png\" alt=\"Ordo Praedicatorum\" width=\"185\" height=\"200\" \/><\/strong><\/h3>\n<p style=\"text-align: left;\">Couvent de la Haye-aux-Bonshommes<br \/>\n6 All\u00e9e Saint-Dominique<br \/>\n49240 Avrill\u00e9<br \/>\nFRANCE<\/p>\n<h3><strong>e-mail :<\/strong><\/h3>\n<p>dominicains-avrille(zavin\u00e1\u010d)wanadoo.fr<\/p>\n<hr \/>\n<h3><strong>Kontaktn\u00ed elektronick\u00fd formul\u00e1\u0159 :<\/strong><\/h3>\n<p>Kontaktn\u00ed e-mailov\u00fd formul\u00e1\u0159 viz <a title=\"Dominicains Avrill\u00e9 - Contact\" href=\"http:\/\/www.dominicainsavrille.fr\/contact-2\/\" target=\"_blank\"><strong>odkaz<\/strong><\/a><\/p>\n<hr \/>\n<h3><strong>Internet :<\/strong> <a title=\"Dominicains Avrill\u00e9 France\" href=\"http:\/\/www.dominicainsavrille.fr\/\" target=\"_blank\"><strong>Dominicains Avrill\u00e9<\/strong><\/a> a <a title=\"Dominicans of Avrille\" href=\"http:\/\/www.dominicansavrille.us\/\" target=\"_blank\"><strong>Dominicans of Avrille<\/strong><\/a><\/h3>\n<p style=\"text-align: center;\"><img loading=\"lazy\" decoding=\"async\" class=\"aligncenter wp-image-125 size-full\" src=\"https:\/\/www.tretiradkajicnikusvatehodominika.cz\/wp-content\/uploads\/2014\/11\/dominicain_avrille_pelerinage_edit.png\" alt=\"Dominik\u00e1n z Avrill\u00e9 na pouti FSSPX Chartres - Paris (\u010derven 2011)\" width=\"600\" height=\"324\" srcset=\"https:\/\/www.tretiradkajicnikusvatehodominika.cz\/wp-content\/uploads\/2014\/11\/dominicain_avrille_pelerinage_edit.png 600w, https:\/\/www.tretiradkajicnikusvatehodominika.cz\/wp-content\/uploads\/2014\/11\/dominicain_avrille_pelerinage_edit-300x162.png 300w\" sizes=\"auto, (max-width: 600px) 100vw, 600px\" \/><em>Dominik\u00e1nsk\u00fd kn\u011bz z Avrill\u00e9 na pouti FSSPX Chartres &#8211; Paris (\u010derven 2011)<br \/>\n<\/em>Copyright Jean-Manuel Simoes<\/p>\n","protected":false},"excerpt":{"rendered":"<p>\u0158\u00e1d Brat\u0159\u00ed Dominik\u00e1n\u016f z Avrill\u00e9 Adresa : Couvent de la Haye-aux-Bonshommes 6 All\u00e9e Saint-Dominique 49240 Avrill\u00e9 FRANCE e-mail : dominicains-avrille(zavin\u00e1\u010d)wanadoo.fr Kontaktn\u00ed elektronick\u00fd formul\u00e1\u0159 : Kontaktn\u00ed e-mailov\u00fd formul\u00e1\u0159 viz odkaz Internet : Dominicains Avrill\u00e9 a Dominicans of Avrille Dominik\u00e1nsk\u00fd kn\u011bz z &hellip; <a href=\"https:\/\/www.tretiradkajicnikusvatehodominika.cz\/?page_id=114\">Cel\u00fd p\u0159\u00edsp\u011bvek <span class=\"meta-nav\">&rarr;<\/span><\/a><\/p>\n","protected":false},"author":1,"featured_media":0,"parent":0,"menu_order":0,"comment_status":"closed","ping_status":"closed","template":"onecolumn-page.php","meta":{"footnotes":""},"class_list":["post-114","page","type-page","status-publish","hentry"],"_links":{"self":[{"href":"https:\/\/www.tretiradkajicnikusvatehodominika.cz\/index.php?rest_route=\/wp\/v2\/pages\/114","targetHints":{"allow":["GET"]}}],"collection":[{"href":"https:\/\/www.tretiradkajicnikusvatehodominika.cz\/index.php?rest_route=\/wp\/v2\/pages"}],"about":[{"href":"https:\/\/www.tretiradkajicnikusvatehodominika.cz\/index.php?rest_route=\/wp\/v2\/types\/page"}],"author":[{"embeddable":true,"href":"https:\/\/www.tretiradkajicnikusvatehodominika.cz\/index.php?rest_route=\/wp\/v2\/users\/1"}],"replies":[{"embeddable":true,"href":"https:\/\/www.tretiradkajicnikusvatehodominika.cz\/index.php?rest_route=%2Fwp%2Fv2%2Fcomments&post=114"}],"version-history":[{"count":45,"href":"https:\/\/www.tretiradkajicnikusvatehodominika.cz\/index.php?rest_route=\/wp\/v2\/pages\/114\/revisions"}],"predecessor-version":[{"id":1224,"href":"https:\/\/www.tretiradkajicnikusvatehodominika.cz\/index.php?rest_route=\/wp\/v2\/pages\/114\/revisions\/1224"}],"wp:attachment":[{"href":"https:\/\/www.tretiradkajicnikusvatehodominika.cz\/index.php?rest_route=%2Fwp%2Fv2%2Fmedia&parent=114"}],"curies":[{"name":"wp","href":"https:\/\/api.w.org\/{rel}","templated":true}]}}